{"id":55,"date":"2016-06-13T15:48:45","date_gmt":"2016-06-13T15:48:45","guid":{"rendered":"http:\/\/sw-themes.com\/porto_dummy\/?page_id=55"},"modified":"2021-10-11T14:53:40","modified_gmt":"2021-10-11T17:53:40","slug":"a-nova-pecas","status":"publish","type":"page","link":"http:\/\/novapecas.com.br\/site\/a-nova-pecas\/","title":{"rendered":"A Nova Pe\u00e7as"},"content":{"rendered":"<p>[vc_row wrap_container=&#8221;yes&#8221; el_class=&#8221;pb-0 overflow-hidden&#8221; css=&#8221;.vc_custom_1627508888815{background-color: #000000 !important;}&#8221;][vc_column][vc_single_image image=&#8221;2402&#8243; img_size=&#8221;full&#8221; alignment=&#8221;center&#8221; css=&#8221;.vc_custom_1627509463864{padding-top: 35px !important;}&#8221;][\/vc_column][\/vc_row][vc_row wrap_container=&#8221;yes&#8221; el_class=&#8221;pb-0 overflow-hidden&#8221;][vc_column width=&#8221;3\/4&#8243; el_class=&#8221;mx-md-auto&#8221; animation_type=&#8221;maskUp&#8221;]<h2 class=\"word-rotator slide short m-t-xxl\" style=\"font-size:32px;line-height:46px;text-align:center;\" data-plugin-options=\"{'waittime': 2500, 'pauseOnHover': false}\"><span class=\"word-rotate-prefix\" style=\"font-weight:700;font-size:32px !important;\">#AquiTem<\/span> <span class=\"word-rotator-items has-bg\" style=\"font-family:&#039;Open Sans&#039;;color:#ffffff;background:#dd3333;\"><b class=\"active\">Mais de 50 mil itens para seu carro<\/b><b>Estacionamento privativo<\/b><b>Mais de 4.000 m2 de loja<\/b><b>Tudo para seu carro<\/b><b>45 anos de experi\u00eancia<\/b><b>Os menores pre\u00e7os<\/b><b>As melhores marcas<\/b><\/span> <span class=\"word-rotate-suffix\" style=\"font-weight:700;font-size:32px !important;\">!!!<\/span><\/h2>[vc_column_text css_animation=&#8221;none&#8221; el_class=&#8221;text-center&#8221;]<\/p>\n<p class=\"lead\">Venha para Nova Pe\u00e7as, tudo que seu carro precisa num lugar s\u00f3!<\/p>\n<p>[\/vc_column_text][\/vc_column][\/vc_row][vc_row wrap_container=&#8221;yes&#8221; is_section=&#8221;yes&#8221; remove_margin_top=&#8221;yes&#8221; remove_margin_bottom=&#8221;yes&#8221; remove_border=&#8221;yes&#8221; css=&#8221;.vc_custom_1628007562571{background-color: #ffffff !important;}&#8221;][vc_column][vc_custom_heading text=&#8221;A <b>Nova Pe\u00e7as<\/b>&#8221; font_container=&#8221;tag:h2|font_size:25|text_align:left|line_height:1&#8243; use_theme_fonts=&#8221;yes&#8221; el_class=&#8221;mb-3&#8243;][vc_column_text]<\/p>\n<p class=\"lead\">S\u00e3o 45 anos de mercado e mais de 50 mil itens nas linhas nacionais e importados com tudo para o seu carro em um lugar s\u00f3.<\/p>\n<p>Na Nova Pe\u00e7as voc\u00ea encontra toda linha completa de motor, suspens\u00e3o, freio, arrefecimento etc. Voc\u00ea tamb\u00e9m encontra toda linha de acess\u00f3rios, como: som, pneu, rack, engate, tapete, calota al\u00e9m de baterias, lubrificantes, ilumina\u00e7\u00e3o e muito mais.<\/p>\n<p>Somos uma empresa apaixonada por carros e \u00e9 essa paix\u00e3o que nos motiva \u00e0 oferecer o melhor em autope\u00e7as e acess\u00f3rios no Rio de Janeiro, para o mais exigente amante de autom\u00f3veis.<\/p>\n<p>Possu\u00edmos 2 unidades no Rio de Janeiro.\u00a0Nossa mais nova unidade est\u00e1 localizada na Estrada Coronel Pedro Correia, 74 \u2013 Jacarepagu\u00e1. S\u00e3o 4.000 m2\u00a0 de um ambiente confort\u00e1vel, com variedade enorme de produto e de f\u00e1cil acesso, localizada entre a esta\u00e7\u00e3o do BRT de Curicica e o Supermercado Mundial do mesmo bairro.<\/p>\n<p>Nossa loja de Campo Grande possui mais de 1.500m2 de estoque, o nosso atendimento tem o conceito de autosservi\u00e7o, onde fomos pioneiros no Rio de Janeiro, com uma \u00e1rea de dois andares e dois balc\u00f5es de atendimento t\u00e9cnico.<\/p>\n<p>Realizamos regularmente cursos e treinamentos personalizados para nossos colaboradores, nosso time \u00e9 focado na evolu\u00e7\u00e3o constante.[\/vc_column_text][\/vc_column][\/vc_row][vc_row wrap_container=&#8221;yes&#8221; animation_delay=&#8221;&#8221; el_class=&#8221;pb-5 pt-5&#8243; css=&#8221;.vc_custom_1627436394938{background-color: #f4f4f4 !important;}&#8221;][vc_column][vc_row_inner][vc_column_inner width=&#8221;1\/3&#8243; animation_delay=&#8221;800&#8243; animation_type=&#8221;fadeInLeft&#8221;]<div class=\"porto-sicon-box  wpb_custom_1efe903570d178ff0a9b7bfa5febd3a4 style_1 left-icon\"><div class=\"porto-sicon-body\"><div class=\"porto-sicon-header\"><h3 class=\"porto-sicon-title\" style=\"font-weight:700;font-size:16.8px;\">MISS\u00c3O<\/h3><\/div> <!-- header --><div class=\"porto-sicon-description\" style=\"\">Oferecer a melhor solu\u00e7\u00e3o na distribui\u00e7\u00e3o de pe\u00e7as e produtos no mercado de reposi\u00e7\u00e3o automotiva, atendendo de forma r\u00e1pida e completa todas as necessidades de nossos clientes.<\/div> <!-- description --><\/div><\/div><!-- porto-sicon-box -->[\/vc_column_inner][vc_column_inner width=&#8221;1\/3&#8243; animation_delay=&#8221;600&#8243; animation_type=&#8221;fadeIn&#8221;]<div class=\"porto-sicon-box  wpb_custom_1efe903570d178ff0a9b7bfa5febd3a4 style_1 left-icon\"><div class=\"porto-sicon-body\"><div class=\"porto-sicon-header\"><h3 class=\"porto-sicon-title\" style=\"font-weight:700;font-size:16.8px;\">VIS\u00c3O<\/h3><\/div> <!-- header --><div class=\"porto-sicon-description\" style=\"\">Ser a Autope\u00e7as mais lembrada e reconhecida em \u00e2mbito nacional, tanto pelo uso de tecnologia em favor da praticidade, quanto pela qualidade dos servi\u00e7os prestados.<\/div> <!-- description --><\/div><\/div><!-- porto-sicon-box -->[\/vc_column_inner][vc_column_inner width=&#8221;1\/3&#8243; animation_delay=&#8221;800&#8243; animation_type=&#8221;fadeInRight&#8221;]<div class=\"porto-sicon-box  wpb_custom_1efe903570d178ff0a9b7bfa5febd3a4 style_1 left-icon\"><div class=\"porto-sicon-body\"><div class=\"porto-sicon-header\"><h3 class=\"porto-sicon-title\" style=\"font-weight:700;font-size:16.8px;\">VALORES<\/h3><\/div> <!-- header --><div class=\"porto-sicon-description\" style=\"\">Fideliza\u00e7\u00e3o de clientes atrav\u00e9s da \u00e9tica e transpar\u00eancia nos neg\u00f3cios, respeito e valoriza\u00e7\u00e3o de fornecedores e colaboradores com uma rela\u00e7\u00e3o pr\u00f3spera e de confian\u00e7a m\u00fatua.<\/div> <!-- description --><\/div><\/div><!-- porto-sicon-box -->[\/vc_column_inner][\/vc_row_inner][\/vc_column][\/vc_row][vc_row wrap_container=&#8221;yes&#8221; is_section=&#8221;yes&#8221; remove_margin_top=&#8221;yes&#8221; remove_margin_bottom=&#8221;yes&#8221; remove_border=&#8221;yes&#8221; el_class=&#8221;p-t-xxl row-align-items-center&#8221; css=&#8221;.vc_custom_1627435130533{background-color: #ffffff !important;}&#8221;][vc_column offset=&#8221;vc_col-md-6&#8243; el_class=&#8221;pr-lg-5 mb-sm-5 mb-lg-0&#8243;][vc_custom_heading text=&#8221;Unidade <b>CURICICA<\/b>&#8221; font_container=&#8221;tag:h2|font_size:25|text_align:left|line_height:1&#8243; use_theme_fonts=&#8221;yes&#8221; el_class=&#8221;mb-3&#8243;][vc_column_text]<\/p>\n<p class=\"lead\">O Maior Supermercado de Autope\u00e7as do Rio de Janeiro!<\/p>\n<p>Estrada Coronel Pedro Correia, 74<br \/>\nJacarepagu\u00e1 \u2013 Rio de Janeiro \u2013 RJ<br \/>\nCEP 22775-090<\/p>\n<p><a href=\"https:\/\/goo.gl\/maps\/BoNDv8EhwMHnvMQT6\" target=\"_blank\" rel=\"noopener\">Como Chegar<\/a><\/p>\n<p><a class=\"btn btn-default text-uppercase text-primary font-size-xs py-2 px-4 mb-1\" href=\"http:\/\/novapecas.com.br\/site\/unidade-curicica\/\"><strong>Saiba Mais<\/strong><i class=\"fa fa-chevron-right font-size-sm pl-2\"><\/i><\/a>[\/vc_column_text][\/vc_column][vc_column offset=&#8221;vc_col-md-offset-2 vc_col-md-4 vc_col-sm-offset-4&#8243; el_class=&#8221;col-sm-8 offset-sm-5 mt-sm-5 pt-sm-5&#8243;][vc_single_image image=&#8221;2503&#8243; img_size=&#8221;full&#8221; animation_delay=&#8221;300&#8243; css_animation=&#8221;none&#8221; el_class=&#8221;position-absolute d-none d-sm-block&#8221; css=&#8221;.vc_custom_1627478063141{margin-top: 10% !important;margin-left: -54% !important;}&#8221; animation_type=&#8221;zoomIn&#8221;][vc_single_image image=&#8221;2502&#8243; img_size=&#8221;full&#8221; animation_delay=&#8221;100&#8243; el_class=&#8221;position-absolute d-none d-sm-block&#8221; css=&#8221;.vc_custom_1627477915925{margin-top: -26% !important;margin-left: -33% !important;}&#8221; animation_type=&#8221;zoomIn&#8221;][vc_single_image image=&#8221;2500&#8243; img_size=&#8221;full&#8221; animation_delay=&#8221;600&#8243; el_class=&#8221;position-relative mb-0&#8243; animation_type=&#8221;zoomIn&#8221;][\/vc_column][\/vc_row][vc_row][vc_column][vc_separator color=&#8221;custom&#8221; el_width=&#8221;80&#8243; css_animation=&#8221;fadeIn&#8221; accent_color=&#8221;#dddddd&#8221;][\/vc_column][\/vc_row][vc_row wrap_container=&#8221;yes&#8221; is_section=&#8221;yes&#8221; remove_margin_top=&#8221;yes&#8221; remove_margin_bottom=&#8221;yes&#8221; remove_border=&#8221;yes&#8221; el_class=&#8221;p-t-xxl row-align-items-center&#8221; css=&#8221;.vc_custom_1627435197107{background-color: #ffffff !important;}&#8221;][vc_column offset=&#8221;vc_col-md-offset-2 vc_col-md-4 vc_col-sm-offset-4&#8243; el_class=&#8221;col-sm-8 offset-sm-5 mt-sm-5 pt-sm-5&#8243;][vc_single_image image=&#8221;2507&#8243; img_size=&#8221;full&#8221; animation_delay=&#8221;300&#8243; css_animation=&#8221;none&#8221; el_class=&#8221;position-absolute d-none d-sm-block&#8221; css=&#8221;.vc_custom_1627478595480{margin-top: 10% !important;margin-left: -54% !important;}&#8221; animation_type=&#8221;zoomIn&#8221;][vc_single_image image=&#8221;2506&#8243; img_size=&#8221;full&#8221; animation_delay=&#8221;100&#8243; el_class=&#8221;position-absolute d-none d-sm-block&#8221; css=&#8221;.vc_custom_1627478580888{margin-top: -26% !important;margin-left: -33% !important;}&#8221; animation_type=&#8221;zoomIn&#8221;][vc_single_image image=&#8221;2505&#8243; img_size=&#8221;full&#8221; animation_delay=&#8221;600&#8243; el_class=&#8221;position-relative mb-0&#8243; animation_type=&#8221;zoomIn&#8221;][\/vc_column][vc_column offset=&#8221;vc_col-md-6&#8243; el_class=&#8221;pr-lg-5 mb-sm-5 mb-lg-0&#8243;][vc_custom_heading text=&#8221;Unidade <b>CAMPO GRANDE<\/b>&#8221; font_container=&#8221;tag:h2|font_size:25|text_align:left|line_height:1&#8243; use_theme_fonts=&#8221;yes&#8221; el_class=&#8221;mb-3&#8243;][vc_column_text]<\/p>\n<p class=\"lead\">H\u00e1 mais de 45 anos sendo refer\u00eancia de autope\u00e7as no Rio de Janeiro!<\/p>\n<p>Estrada das Capoeiras, 139 e 149<br \/>\nCampo Grande \u2013 Rio de Janeiro \u2013 RJ<br \/>\nCEP 23085-660<\/p>\n<p><a class=\"btn btn-default text-uppercase text-primary font-size-xs py-2 px-4 mb-1\" href=\"http:\/\/novapecas.com.br\/site\/unidade-campo-grande\/\"><strong>Saiba Mais<\/strong><i class=\"fa fa-chevron-right font-size-sm pl-2\"><\/i><\/a>[\/vc_column_text][\/vc_column][\/vc_row][vc_row full_width=&#8221;stretch_row&#8221; wrap_container=&#8221;yes&#8221; is_section=&#8221;yes&#8221; section_skin=&#8221;primary&#8221; remove_margin_top=&#8221;yes&#8221; remove_margin_bottom=&#8221;yes&#8221; remove_border=&#8221;yes&#8221; animation_delay=&#8221;100&#8243; el_class=&#8221;pb-5&#8243; animation_type=&#8221;fadeIn&#8221;][vc_column width=&#8221;1\/3&#8243;]<div class=\"stats-block stats-top  m-b  wpb_custom_a517333ace5b1666c6af8bd4684f1de9 \"><div class=\"porto-sicon-top\"><div class=\"porto-just-icon-wrapper porto-icon none\" style=\"color:#ffffff;font-size:25px;\"><i class=\"Simple-Line-Icons-user\"><\/i><\/div><\/div><div class=\"stats-desc\"><div id=\"counter_125367881869e67a7acae0f\" data-id=\"counter_125367881869e67a7acae0f\" class=\"stats-number\" style=\" font-size:35px;line-height:35px;color:#ffffff;\" data-speed=\"3\" data-counter-value=\"30000\" data-separator=\"none\" data-decimal=\".\">0<\/div><div class=\"counter_suffix mycust\" style=\" font-size:35px;line-height:35px;color:#ffffff\">+<\/div><div class=\"stats-text\" style=\"font-size:16.8px;color:#ffffff;\">Clientes atendidos por m\u00eas<\/div><\/div><\/div>[\/vc_column][vc_column width=&#8221;1\/3&#8243;]<div class=\"stats-block stats-top  m-b  wpb_custom_a517333ace5b1666c6af8bd4684f1de9 \"><div class=\"porto-sicon-top\"><div class=\"porto-just-icon-wrapper porto-icon none\" style=\"color:#ffffff;font-size:25px;\"><i class=\"Simple-Line-Icons-badge\"><\/i><\/div><\/div><div class=\"stats-desc\"><div id=\"counter_148180464769e67a7acb98b\" data-id=\"counter_148180464769e67a7acb98b\" class=\"stats-number\" style=\" font-size:35px;line-height:35px;color:#ffffff;\" data-speed=\"3\" data-counter-value=\"45\" data-separator=\"none\" data-decimal=\".\">0<\/div><div class=\"stats-text\" style=\"font-size:16.8px;color:#ffffff;\">Anos de Experi\u00eancia<\/div><\/div><\/div>[\/vc_column][vc_column width=&#8221;1\/3&#8243;]<div class=\"stats-block stats-top  m-b  wpb_custom_a517333ace5b1666c6af8bd4684f1de9 \"><div class=\"porto-sicon-top\"><div class=\"porto-just-icon-wrapper porto-icon none\" style=\"color:#ffffff;font-size:25px;\"><i class=\"Simple-Line-Icons-social-dropbox\"><\/i><\/div><\/div><div class=\"stats-desc\"><div id=\"counter_120115781169e67a7acc251\" data-id=\"counter_120115781169e67a7acc251\" class=\"stats-number\" style=\" font-size:35px;line-height:35px;color:#ffffff;\" data-speed=\"3\" data-counter-value=\"40000\" data-separator=\"none\" data-decimal=\".\">0<\/div><div class=\"counter_suffix mycust\" style=\" font-size:35px;line-height:35px;color:#ffffff\">+<\/div><div class=\"stats-text\" style=\"font-size:16.8px;color:#ffffff;\">Produtos Para Venda<\/div><\/div><\/div>[\/vc_column][\/vc_row]<\/p>\n","protected":false},"excerpt":{"rendered":"<p>[vc_row wrap_container=&#8221;yes&#8221; el_class=&#8221;pb-0 overflow-hidden&#8221; css=&#8221;.vc_custom_1627508888815{background-color: #000000 !important;}&#8221;][vc_column][vc_single_image image=&#8221;2402&#8243; img_size=&#8221;full&#8221; alignment=&#8221;center&#8221; css=&#8221;.vc_custom_1627509463864{padding-top: 35px !important;}&#8221;][\/vc_column][\/vc_row][vc_row wrap_container=&#8221;yes&#8221; el_class=&#8221;pb-0 overflow-hidden&#8221;][vc_column width=&#8221;3\/4&#8243; el_class=&#8221;mx-md-auto&#8221; animation_type=&#8221;maskUp&#8221;][vc_column_text css_animation=&#8221;none&#8221; el_class=&#8221;text-center&#8221;] Venha para Nova Pe\u00e7as, tudo que seu carro precisa num lugar s\u00f3! [\/vc_column_text][\/vc_column][\/vc_row][vc_row wrap_container=&#8221;yes&#8221; is_section=&#8221;yes&#8221; remove_margin_top=&#8221;yes&#8221; remove_margin_bottom=&#8221;yes&#8221; remove_border=&#8221;yes&#8221; css=&#8221;.vc_custom_1628007562571{background-color: #ffffff !important;}&#8221;][vc_column][vc_custom_heading text=&#8221;A Nova Pe\u00e7as&#8221; font_container=&#8221;tag:h2|font_size:25|text_align:left|line_height:1&#8243; use_theme_fonts=&#8221;yes&#8221; el_class=&#8221;mb-3&#8243;][vc_column_text] S\u00e3o 45 anos de mercado e mais [&hellip;]<\/p>\n","protected":false},"author":1,"featured_media":0,"parent":0,"menu_order":0,"comment_status":"closed","ping_status":"closed","template":"","meta":[],"_links":{"self":[{"href":"http:\/\/novapecas.com.br\/site\/wp-json\/wp\/v2\/pages\/55"}],"collection":[{"href":"http:\/\/novapecas.com.br\/site\/wp-json\/wp\/v2\/pages"}],"about":[{"href":"http:\/\/novapecas.com.br\/site\/wp-json\/wp\/v2\/types\/page"}],"author":[{"embeddable":true,"href":"http:\/\/novapecas.com.br\/site\/wp-json\/wp\/v2\/users\/1"}],"replies":[{"embeddable":true,"href":"http:\/\/novapecas.com.br\/site\/wp-json\/wp\/v2\/comments?post=55"}],"version-history":[{"count":118,"href":"http:\/\/novapecas.com.br\/site\/wp-json\/wp\/v2\/pages\/55\/revisions"}],"predecessor-version":[{"id":2744,"href":"http:\/\/novapecas.com.br\/site\/wp-json\/wp\/v2\/pages\/55\/revisions\/2744"}],"wp:attachment":[{"href":"http:\/\/novapecas.com.br\/site\/wp-json\/wp\/v2\/media?parent=55"}],"curies":[{"name":"wp","href":"https:\/\/api.w.org\/{rel}","templated":true}]}}