{"id":143,"date":"2016-06-20T07:48:11","date_gmt":"2016-06-20T07:48:11","guid":{"rendered":"http:\/\/sw-themes.com\/porto_dummy\/?page_id=143"},"modified":"2021-09-29T11:12:10","modified_gmt":"2021-09-29T14:12:10","slug":"home","status":"publish","type":"page","link":"http:\/\/novapecas.com.br\/site\/","title":{"rendered":"Home"},"content":{"rendered":"<p>[vc_row wrap_container=&#8221;yes&#8221; text_align=&#8221;center&#8221; remove_margin_bottom=&#8221;yes&#8221; remove_padding_bottom=&#8221;yes&#8221; el_class=&#8221;home-intro home-intro-quaternary&#8221; css=&#8221;.vc_custom_1627326805946{background-color: #000000 !important;}&#8221;][vc_column][vc_single_image image=&#8221;2402&#8243; img_size=&#8221;936&#215;54&#8243; alignment=&#8221;center&#8221;][\/vc_column][\/vc_row][vc_row content_placement=&#8221;middle&#8221; wrap_container=&#8221;yes&#8221; css=&#8221;.vc_custom_1627506431888{padding-top: 80px !important;padding-bottom: 10px !important;}&#8221;][vc_column offset=&#8221;vc_col-md-7&#8243; el_class=&#8221;pr-lg-5 mb-sm-5 mb-lg-0&#8243; animation_type=&#8221;fadeInLeft&#8221;][vc_custom_heading text=&#8221;Sobre a <b>Nova Pe\u00e7as<\/b>&#8221; font_container=&#8221;tag:h2|font_size:25|text_align:left|line_height:1&#8243; use_theme_fonts=&#8221;yes&#8221; el_class=&#8221;mb-4&#8243;][vc_column_text]<\/p>\n<p class=\"lead\">S\u00e3o 45 anos de mercado e mais de 50 mil itens nas linhas nacionais e importados com tudo para o seu carro em um lugar s\u00f3.<\/p>\n<p>Na Nova Pe\u00e7as voc\u00ea encontra toda linha completa de motor, suspens\u00e3o, freio, arrefecimento etc. Voc\u00ea tamb\u00e9m encontra toda linha de acess\u00f3rios, como: som, pneu, rack, engate, tapete, calota al\u00e9m de baterias, lubrificantes, ilumina\u00e7\u00e3o e muito mais.<\/p>\n<p><a class=\"btn btn-default text-uppercase text-primary font-size-xs py-2 px-4 mb-1\" href=\"http:\/\/novapecas.com.br\/site\/a-nova-pecas\/\"><strong>Saiba Mais<\/strong><i class=\"fa fa-chevron-right font-size-sm pl-2\"><\/i><\/a>[\/vc_column_text][\/vc_column][vc_column offset=&#8221;vc_col-md-5&#8243;][vc_single_image image=&#8221;2675&#8243; img_size=&#8221;full&#8221; alignment=&#8221;center&#8221;][\/vc_column][\/vc_row][vc_row wrap_container=&#8221;yes&#8221; text_align=&#8221;center&#8221; remove_margin_bottom=&#8221;yes&#8221; remove_padding_bottom=&#8221;yes&#8221; el_class=&#8221;home-intro home-intro-quaternary&#8221; css=&#8221;.vc_custom_1627506287132{background-color: #ffffff !important;}&#8221;][vc_column][vc_separator color=&#8221;custom&#8221; accent_color=&#8221;#dddddd&#8221;][\/vc_column][\/vc_row][vc_row wrap_container=&#8221;yes&#8221; is_section=&#8221;yes&#8221; remove_margin_top=&#8221;yes&#8221; remove_margin_bottom=&#8221;yes&#8221; remove_border=&#8221;yes&#8221; css=&#8221;.vc_custom_1627505417556{padding-top: 10px !important;padding-bottom: 50px !important;background-color: #ffffff !important;}&#8221;][vc_column][vc_custom_heading text=&#8221;Nossas <b>Lojas<\/b>&#8221; font_container=&#8221;tag:h2|font_size:25|text_align:center&#8221; use_theme_fonts=&#8221;yes&#8221; css_animation=&#8221;fadeInUp&#8221; css=&#8221;.vc_custom_1627506132579{margin-top: 20px !important;}&#8221;][vc_row_inner][vc_column_inner width=&#8221;1\/2&#8243;][vc_single_image image=&#8221;2551&#8243; img_size=&#8221;full&#8221; alignment=&#8221;center&#8221; onclick=&#8221;custom_link&#8221; el_id=&#8221;Teste&#8221; animation_type=&#8221;fadeInUp&#8221; link=&#8221;http:\/\/novapecas.com.br\/site\/unidade-campo-grande\/&#8221; label=&#8221;&#8221;][vc_column_text]<\/p>\n<p style=\"text-align: center;\"><a class=\"btn btn-default text-uppercase text-primary font-size-xs py-2 px-4 mb-1\" href=\"http:\/\/novapecas.com.br\/site\/unidade-campo-grande\/\"><strong>Saiba Mais<\/strong><i class=\"fa fa-chevron-right font-size-sm pl-2\"><\/i><\/a><\/p>\n<p>[\/vc_column_text][\/vc_column_inner][vc_column_inner width=&#8221;1\/2&#8243; animation_type=&#8221;fadeInUp&#8221;][vc_single_image image=&#8221;2556&#8243; img_size=&#8221;full&#8221; alignment=&#8221;center&#8221; onclick=&#8221;custom_link&#8221; animation_type=&#8221;fadeInUp&#8221; link=&#8221;http:\/\/novapecas.com.br\/site\/unidade-curicica\/&#8221; label=&#8221;&#8221;][vc_column_text]<\/p>\n<p style=\"text-align: center;\"><a class=\"btn btn-default text-uppercase text-primary font-size-xs py-2 px-4 mb-1\" href=\"http:\/\/novapecas.com.br\/site\/unidade-curicica\/\"><strong>Saiba Mais<\/strong><i class=\"fa fa-chevron-right font-size-sm pl-2\"><\/i><\/a><\/p>\n<p>[\/vc_column_text][\/vc_column_inner][\/vc_row_inner][\/vc_column][\/vc_row][vc_row wrap_container=&#8221;yes&#8221; is_section=&#8221;yes&#8221; remove_margin_top=&#8221;yes&#8221; remove_margin_bottom=&#8221;yes&#8221; remove_border=&#8221;yes&#8221; css=&#8221;.vc_custom_1544715272322{padding-top: 60px !important;}&#8221;][vc_column offset=&#8221;vc_col-md-offset-1 vc_col-md-10&#8243;]<div class=\"porto-carousel owl-carousel has-ccols ccols-1 \" data-appear-animation=\"fadeInUp\" data-appear-animation-delay=\"200\" data-plugin-options=\"{&quot;stagePadding&quot;:0,&quot;margin&quot;:0,&quot;autoplay&quot;:false,&quot;autoplayTimeout&quot;:5000,&quot;autoplayHoverPause&quot;:false,&quot;items&quot;:1,&quot;lg&quot;:1,&quot;md&quot;:1,&quot;sm&quot;:1,&quot;xs&quot;:1,&quot;nav&quot;:false,&quot;dots&quot;:&quot;yes&quot;,&quot;animateIn&quot;:&quot;&quot;,&quot;animateOut&quot;:&quot;&quot;,&quot;loop&quot;:false,&quot;center&quot;:false,&quot;video&quot;:false,&quot;lazyLoad&quot;:false,&quot;fullscreen&quot;:false}\"><div class=\"porto-testimonial wpb_content_element \"><div class=\"testimonial testimonial-style-2 testimonial-with-quotes\"><img class=\"img-responsive img-circle\" src=\"\/\/novapecas.com.br\/site\/wp-content\/uploads\/2021\/08\/testemunho-aripavezzi.jpg\" alt=\"@aripavezzi\" width=\"150\" height=\"150\"><blockquote class=\"testimonial-carousel\" style=\"color:#212529\"><p>Parab\u00e9ns team Nova Pe\u00e7as!!! Um excelente empreendimento! O RJ precisava de uma super loja assim! Grande diferencial! Que venham mais filiais.<\/p><\/blockquote><div class=\"testimonial-author\"><p><strong>@aripavezzi<\/strong><span>Instagram<\/span><\/p><\/div><\/div><\/div><div class=\"porto-testimonial wpb_content_element \"><div class=\"testimonial testimonial-style-2 testimonial-with-quotes\"><img class=\"img-responsive img-circle\" src=\"\/\/novapecas.com.br\/site\/wp-content\/uploads\/2021\/08\/testemunho-conti_mauricio.jpg\" alt=\"conti_mauricio\" width=\"150\" height=\"150\"><blockquote class=\"testimonial-carousel\" style=\"color:#212529\"><p>Excelente loja, conforto, seguran\u00e7a e tem tudo que o seu carro precisa.<\/p><\/blockquote><div class=\"testimonial-author\"><p><strong>conti_mauricio<\/strong><span>Instagram<\/span><\/p><\/div><\/div><\/div><div class=\"porto-testimonial wpb_content_element \"><div class=\"testimonial testimonial-style-2 testimonial-with-quotes\"><img class=\"img-responsive img-circle\" src=\"\/\/novapecas.com.br\/site\/wp-content\/uploads\/2021\/08\/testemunho-brunod2rocha76.jpg\" alt=\"brunod2rocha76\" width=\"150\" height=\"150\"><blockquote class=\"testimonial-carousel\" style=\"color:#212529\"><p>Loja top, evento top, recep\u00e7\u00e3o top, tudo topppp!!!!! Obrigado por esse dia maravilhoso.<\/p><\/blockquote><div class=\"testimonial-author\"><p><strong>brunod2rocha76<\/strong><span>Instagram<\/span><\/p><\/div><\/div><\/div><\/div>[\/vc_column][\/vc_row][vc_row wrap_container=&#8221;yes&#8221; css=&#8221;.vc_custom_1544715473115{border-top-width: 1px !important;padding-top: 80px !important;padding-bottom: 60px !important;border-top-color: rgba(0,0,0,0.06) !important;border-top-style: solid !important;}&#8221;][vc_column]<div class=\"porto-carousel owl-carousel has-ccols ccols-xl-7 ccols-lg-5 ccols-md-3 ccols-sm-3 ccols-1 carousel-center-active-item\" data-plugin-options=\"{&quot;stagePadding&quot;:0,&quot;margin&quot;:0,&quot;autoplay&quot;:&quot;yes&quot;,&quot;autoplayTimeout&quot;:5000,&quot;autoplayHoverPause&quot;:false,&quot;items&quot;:7,&quot;lg&quot;:5,&quot;md&quot;:3,&quot;sm&quot;:3,&quot;xs&quot;:1,&quot;nav&quot;:false,&quot;dots&quot;:false,&quot;animateIn&quot;:&quot;&quot;,&quot;animateOut&quot;:&quot;&quot;,&quot;loop&quot;:&quot;yes&quot;,&quot;center&quot;:&quot;yes&quot;,&quot;video&quot;:false,&quot;lazyLoad&quot;:false,&quot;fullscreen&quot;:false}\">[vc_single_image image=&#8221;2651&#8243; img_size=&#8221;&#8221; alignment=&#8221;center&#8221; onclick=&#8221;custom_link&#8221;][vc_single_image image=&#8221;2653&#8243; img_size=&#8221;&#8221; alignment=&#8221;center&#8221; onclick=&#8221;custom_link&#8221;][vc_single_image image=&#8221;2657&#8243; img_size=&#8221;&#8221; alignment=&#8221;center&#8221; onclick=&#8221;custom_link&#8221;][vc_single_image image=&#8221;2664&#8243; img_size=&#8221;&#8221; alignment=&#8221;center&#8221; onclick=&#8221;custom_link&#8221;][vc_single_image image=&#8221;2663&#8243; img_size=&#8221;&#8221; alignment=&#8221;center&#8221; onclick=&#8221;custom_link&#8221;][vc_single_image image=&#8221;2662&#8243; img_size=&#8221;&#8221; alignment=&#8221;center&#8221; onclick=&#8221;custom_link&#8221;][vc_single_image image=&#8221;2651&#8243; img_size=&#8221;&#8221; alignment=&#8221;center&#8221; onclick=&#8221;custom_link&#8221;][vc_single_image image=&#8221;2653&#8243; img_size=&#8221;&#8221; alignment=&#8221;center&#8221; onclick=&#8221;custom_link&#8221;][vc_single_image image=&#8221;2657&#8243; img_size=&#8221;&#8221; alignment=&#8221;center&#8221; onclick=&#8221;custom_link&#8221;][vc_single_image image=&#8221;2664&#8243; img_size=&#8221;&#8221; alignment=&#8221;center&#8221; onclick=&#8221;custom_link&#8221;][vc_single_image image=&#8221;2663&#8243; img_size=&#8221;&#8221; alignment=&#8221;center&#8221; onclick=&#8221;custom_link&#8221;][vc_single_image image=&#8221;2662&#8243; img_size=&#8221;&#8221; alignment=&#8221;center&#8221; onclick=&#8221;custom_link&#8221;]<\/div>[\/vc_column][\/vc_row]<\/p>\n","protected":false},"excerpt":{"rendered":"<p>[vc_row wrap_container=&#8221;yes&#8221; text_align=&#8221;center&#8221; remove_margin_bottom=&#8221;yes&#8221; remove_padding_bottom=&#8221;yes&#8221; el_class=&#8221;home-intro home-intro-quaternary&#8221; css=&#8221;.vc_custom_1627326805946{background-color: #000000 !important;}&#8221;][vc_column][vc_single_image image=&#8221;2402&#8243; img_size=&#8221;936&#215;54&#8243; alignment=&#8221;center&#8221;][\/vc_column][\/vc_row][vc_row content_placement=&#8221;middle&#8221; wrap_container=&#8221;yes&#8221; css=&#8221;.vc_custom_1627506431888{padding-top: 80px !important;padding-bottom: 10px !important;}&#8221;][vc_column offset=&#8221;vc_col-md-7&#8243; el_class=&#8221;pr-lg-5 mb-sm-5 mb-lg-0&#8243; animation_type=&#8221;fadeInLeft&#8221;][vc_custom_heading text=&#8221;Sobre a Nova Pe\u00e7as&#8221; font_container=&#8221;tag:h2|font_size:25|text_align:left|line_height:1&#8243; use_theme_fonts=&#8221;yes&#8221; el_class=&#8221;mb-4&#8243;][vc_column_text] S\u00e3o 45 anos de mercado e mais de 50 mil itens nas linhas nacionais e importados com tudo para o seu carro em [&hellip;]<\/p>\n","protected":false},"author":1,"featured_media":0,"parent":0,"menu_order":0,"comment_status":"closed","ping_status":"closed","template":"","meta":[],"_links":{"self":[{"href":"http:\/\/novapecas.com.br\/site\/wp-json\/wp\/v2\/pages\/143"}],"collection":[{"href":"http:\/\/novapecas.com.br\/site\/wp-json\/wp\/v2\/pages"}],"about":[{"href":"http:\/\/novapecas.com.br\/site\/wp-json\/wp\/v2\/types\/page"}],"author":[{"embeddable":true,"href":"http:\/\/novapecas.com.br\/site\/wp-json\/wp\/v2\/users\/1"}],"replies":[{"embeddable":true,"href":"http:\/\/novapecas.com.br\/site\/wp-json\/wp\/v2\/comments?post=143"}],"version-history":[{"count":62,"href":"http:\/\/novapecas.com.br\/site\/wp-json\/wp\/v2\/pages\/143\/revisions"}],"predecessor-version":[{"id":2738,"href":"http:\/\/novapecas.com.br\/site\/wp-json\/wp\/v2\/pages\/143\/revisions\/2738"}],"wp:attachment":[{"href":"http:\/\/novapecas.com.br\/site\/wp-json\/wp\/v2\/media?parent=143"}],"curies":[{"name":"wp","href":"https:\/\/api.w.org\/{rel}","templated":true}]}}